{"id":49,"date":"2023-02-07T22:22:13","date_gmt":"2023-02-07T22:22:13","guid":{"rendered":"https:\/\/viaferrataleon.com\/?page_id=49"},"modified":"2023-02-16T12:52:02","modified_gmt":"2023-02-16T12:52:02","slug":"material","status":"publish","type":"page","link":"https:\/\/viaferrataleon.com\/index.php\/material\/","title":{"rendered":"MATERIAL"},"content":{"rendered":"<p>[et_pb_section fb_built=\u00bb1&#8243; fullwidth=\u00bbon\u00bb admin_label=\u00bbHeader\u00bb _builder_version=\u00bb4.19.5&#8243; background_color=\u00bb#b7b9c7&#8243; custom_padding=\u00bb0px|0|0px|0px|false|false\u00bb locked=\u00bboff\u00bb global_colors_info=\u00bb{}\u00bb theme_builder_area=\u00bbpost_content\u00bb][et_pb_fullwidth_header title=\u00bbMATERIAL\u00bb text_orientation=\u00bbcenter\u00bb background_overlay_color=\u00bbrgba(83,90,128,0.3)\u00bb content_max_width=\u00bb90%\u00bb _builder_version=\u00bb4.19.5&#8243; title_font=\u00bbNoto Serif|700|||||||\u00bb title_text_align=\u00bbcenter\u00bb title_font_size=\u00bb70px\u00bb title_line_height=\u00bb1.1em\u00bb content_font=\u00bbNoto Sans||||||||\u00bb content_font_size=\u00bb18px\u00bb content_line_height=\u00bb2em\u00bb subhead_font=\u00bbNoto Sans||||||||\u00bb subhead_text_align=\u00bbcenter\u00bb subhead_font_size=\u00bb30px\u00bb subhead_line_height=\u00bb2em\u00bb background_color=\u00bbrgba(255,255,255,0)\u00bb background_image=\u00bbhttps:\/\/viaferrataleon.com\/wp-content\/uploads\/2023\/02\/IMG_5306-scaled-e1676542319325.jpg\u00bb custom_button_one=\u00bbon\u00bb button_one_text_size=\u00bb17px\u00bb button_one_text_color=\u00bb#ffffff\u00bb button_one_bg_color=\u00bb#ff6b5a\u00bb button_one_border_width=\u00bb7px\u00bb button_one_border_color=\u00bb#ff6b5a\u00bb button_one_border_radius=\u00bb100px\u00bb button_one_font=\u00bbNoto Sans|700||on|||||\u00bb button_one_use_icon=\u00bboff\u00bb custom_margin=\u00bb|||\u00bb custom_padding=\u00bb111px||111px||true|\u00bb custom_padding_tablet=\u00bb100px|||\u00bb custom_padding_phone=\u00bb\u00bb custom_padding_last_edited=\u00bbon|phone\u00bb animation_style=\u00bbfade\u00bb animation_direction=\u00bbtop\u00bb title_font_size_tablet=\u00bb40px\u00bb title_font_size_phone=\u00bb\u00bb title_font_size_last_edited=\u00bbon|tablet\u00bb subhead_font_size_tablet=\u00bb\u00bb subhead_font_size_phone=\u00bb20px\u00bb subhead_font_size_last_edited=\u00bbon|desktop\u00bb subhead_line_height_tablet=\u00bb\u00bb subhead_line_height_phone=\u00bb1.5em\u00bb subhead_line_height_last_edited=\u00bbon|phone\u00bb button_one_text_color_hover=\u00bb#ffffff\u00bb button_one_border_color_hover=\u00bb#ff9e59&#8243; button_one_border_radius_hover=\u00bb100px\u00bb button_one_bg_color_hover=\u00bb#ff9e59&#8243; global_colors_info=\u00bb{}\u00bb button_one_text_size__hover_enabled=\u00bboff\u00bb button_two_text_size__hover_enabled=\u00bboff\u00bb button_one_text_color__hover_enabled=\u00bbon\u00bb button_one_text_color__hover=\u00bb#ffffff\u00bb button_two_text_color__hover_enabled=\u00bboff\u00bb button_one_border_width__hover_enabled=\u00bboff\u00bb button_two_border_width__hover_enabled=\u00bboff\u00bb button_one_border_color__hover_enabled=\u00bbon\u00bb button_one_border_color__hover=\u00bb#ff9e59&#8243; button_two_border_color__hover_enabled=\u00bboff\u00bb button_one_border_radius__hover_enabled=\u00bbon\u00bb button_one_border_radius__hover=\u00bb100px\u00bb button_two_border_radius__hover_enabled=\u00bboff\u00bb button_one_letter_spacing__hover_enabled=\u00bboff\u00bb button_two_letter_spacing__hover_enabled=\u00bboff\u00bb button_one_bg_color__hover_enabled=\u00bbon\u00bb button_one_bg_color__hover=\u00bb#ff9e59&#8243; button_two_bg_color__hover_enabled=\u00bboff\u00bb theme_builder_area=\u00bbpost_content\u00bb][\/et_pb_fullwidth_header][\/et_pb_section][et_pb_section fb_built=\u00bb1&#8243; custom_padding_last_edited=\u00bbon|phone\u00bb admin_label=\u00bbContact\u00bb _builder_version=\u00bb4.16&#8243; custom_padding=\u00bb100px|0px|100px|0px|true|false\u00bb custom_padding_tablet=\u00bb\u00bb custom_padding_phone=\u00bb50px||50px||true\u00bb global_colors_info=\u00bb{}\u00bb theme_builder_area=\u00bbpost_content\u00bb][et_pb_row _builder_version=\u00bb4.19.5&#8243; _module_preset=\u00bbdefault\u00bb theme_builder_area=\u00bbpost_content\u00bb][et_pb_column _builder_version=\u00bb4.19.5&#8243; _module_preset=\u00bbdefault\u00bb type=\u00bb4_4&#8243; theme_builder_area=\u00bbpost_content\u00bb][et_pb_text _builder_version=\u00bb4.19.5&#8243; _module_preset=\u00bbdefault\u00bb theme_builder_area=\u00bbpost_content\u00bb hover_enabled=\u00bb0&#8243; sticky_enabled=\u00bb0&#8243;]<\/p>\n<div class=\"elementor-element elementor-element-495514b elementor-widget elementor-widget-heading\" data-id=\"495514b\" data-element_type=\"widget\" data-widget_type=\"heading.default\">\n<div class=\"elementor-widget-container\">\n<h2 class=\"elementor-heading-title elementor-size-default\">MATERIAL Y EQUIPO PARA V\u00cdAS FERRATAS<\/h2>\n<\/div>\n<\/div>\n<div class=\"elementor-element elementor-element-53fc939 elementor-widget elementor-widget-text-editor\" data-id=\"53fc939\" data-element_type=\"widget\" data-widget_type=\"text-editor.default\">\n<div class=\"elementor-widget-container\">\n<p>Como hemos expuesto anteriormente,<span>\u00a0<\/span><strong>recorrer una v\u00eda ferrata es peligroso<\/strong>, ya que existe riesgo de ca\u00edda durante la progresi\u00f3n de la misma.<\/p>\n<p>Para poder llevar a cabo esta actividad con seguridad es muy importante elegir bien el equipo a utilizar, ya que en cada itinerario necesitaremos un tipo de material u otro.<\/p>\n<\/div>\n<\/div>\n<div class=\"elementor-element elementor-element-cf6fa65 elementor-widget elementor-widget-heading\" data-id=\"cf6fa65\" data-element_type=\"widget\" data-widget_type=\"heading.default\">\n<div class=\"elementor-widget-container\">\n<h3 class=\"elementor-heading-title elementor-size-default\">\u00bfQU\u00c9 MATERIAL NECESITO PARA HACER UNA V\u00cdA FERRATA?<\/h3>\n<\/div>\n<\/div>\n<div class=\"elementor-element elementor-element-7b1df29 elementor-widget elementor-widget-text-editor\" data-id=\"7b1df29\" data-element_type=\"widget\" data-widget_type=\"text-editor.default\">\n<div class=\"elementor-widget-container\">\n<p>El<span>\u00a0<\/span><strong>material b\u00e1sico para realizar v\u00edas ferratas<\/strong><span>\u00a0<\/span>consiste en un<span>\u00a0<\/span><strong><a href=\"https:\/\/deportesoutdoor.es\/escalada\/vias-ferratas\/disipador-via-ferrata\/\" target=\"_blank\" rel=\"noopener\">sistema de anclaje con disipador<\/a>, un casco<span>\u00a0<\/span><\/strong>y un<a href=\"https:\/\/deportesoutdoor.es\/escalada\/vias-ferratas\/arnes-via-ferrata\/\" target=\"_blank\" rel=\"noopener\"><strong><span>\u00a0<\/span>arn\u00e9s para ferratas<\/strong><\/a>, siendo recomendable tambi\u00e9n el uso de un<span>\u00a0<\/span><strong>calzado adecuado<\/strong><span>\u00a0<\/span>y unos<span>\u00a0<\/span><strong>guantes especiales para ferratas<\/strong>.<\/p>\n<p>Este material lo puedes adquirir por separado o en<span>\u00a0<\/span><strong>kits para v\u00edas ferratas<\/strong><span>\u00a0<\/span>en los que suelen venir un<span>\u00a0<\/span><strong>disipador, un arn\u00e9s<span>\u00a0<\/span><\/strong>y un<strong><span>\u00a0<\/span>casco.<\/strong><\/p>\n<\/div>\n<\/div>\n<p>[\/et_pb_text][\/et_pb_column][\/et_pb_row][et_pb_row _builder_version=\u00bb4.19.5&#8243; _module_preset=\u00bbdefault\u00bb column_structure=\u00bb1_4,1_4,1_4,1_4&#8243; theme_builder_area=\u00bbpost_content\u00bb hover_enabled=\u00bb0&#8243; sticky_enabled=\u00bb0&#8243;][et_pb_column _builder_version=\u00bb4.19.5&#8243; _module_preset=\u00bbdefault\u00bb type=\u00bb1_4&#8243; theme_builder_area=\u00bbpost_content\u00bb][et_pb_image src=\u00bbhttps:\/\/viaferrataleon.com\/wp-content\/uploads\/2023\/02\/KIT-VIA-FERRATA.jpg\u00bb _builder_version=\u00bb4.19.5&#8243; _module_preset=\u00bbdefault\u00bb theme_builder_area=\u00bbpost_content\u00bb title_text=\u00bbKIT VIA FERRATA\u00bb hover_enabled=\u00bb0&#8243; sticky_enabled=\u00bb0&#8243;][\/et_pb_image][\/et_pb_column][et_pb_column _builder_version=\u00bb4.19.5&#8243; _module_preset=\u00bbdefault\u00bb type=\u00bb1_4&#8243; theme_builder_area=\u00bbpost_content\u00bb][et_pb_image src=\u00bbhttps:\/\/viaferrataleon.com\/wp-content\/uploads\/2023\/02\/MOCHILA-VIA-FERRATA.jpg\u00bb _builder_version=\u00bb4.19.5&#8243; _module_preset=\u00bbdefault\u00bb theme_builder_area=\u00bbpost_content\u00bb title_text=\u00bbMOCHILA VIA FERRATA\u00bb hover_enabled=\u00bb0&#8243; sticky_enabled=\u00bb0&#8243;][\/et_pb_image][\/et_pb_column][et_pb_column _builder_version=\u00bb4.19.5&#8243; _module_preset=\u00bbdefault\u00bb type=\u00bb1_4&#8243; theme_builder_area=\u00bbpost_content\u00bb][et_pb_image src=\u00bbhttps:\/\/viaferrataleon.com\/wp-content\/uploads\/2023\/02\/GUANTES-FERRATAS.jpg\u00bb _builder_version=\u00bb4.19.5&#8243; _module_preset=\u00bbdefault\u00bb theme_builder_area=\u00bbpost_content\u00bb title_text=\u00bbGUANTES FERRATAS\u00bb hover_enabled=\u00bb0&#8243; sticky_enabled=\u00bb0&#8243;][\/et_pb_image][\/et_pb_column][et_pb_column _builder_version=\u00bb4.19.5&#8243; _module_preset=\u00bbdefault\u00bb type=\u00bb1_4&#8243; theme_builder_area=\u00bbpost_content\u00bb][et_pb_image src=\u00bbhttps:\/\/viaferrataleon.com\/wp-content\/uploads\/2023\/02\/CALZADO-FERRATAS.jpg\u00bb _builder_version=\u00bb4.19.5&#8243; _module_preset=\u00bbdefault\u00bb theme_builder_area=\u00bbpost_content\u00bb title_text=\u00bbCALZADO FERRATAS\u00bb hover_enabled=\u00bb0&#8243; sticky_enabled=\u00bb0&#8243;][\/et_pb_image][\/et_pb_column][\/et_pb_row][\/et_pb_section][et_pb_section fb_built=\u00bb1&#8243; disabled_on=\u00bboff|off|off\u00bb admin_label=\u00bbFollow Along\u00bb _builder_version=\u00bb4.19.5&#8243; use_background_color_gradient=\u00bbon\u00bb background_color_gradient_stops=\u00bb#ffffff 0%|rgba(255,255,255,0) 52%\u00bb background_color_gradient_overlays_image=\u00bbon\u00bb background_color_gradient_start=\u00bb#ffffff\u00bb background_color_gradient_end=\u00bbrgba(255,255,255,0)\u00bb background_color_gradient_end_position=\u00bb52%\u00bb background_image=\u00bbhttps:\/\/viaferrataleon.com\/wp-content\/uploads\/2023\/02\/Via-Ferrata-Valle-de-Arbas-1.jpg\u00bb background_position=\u00bbcenter_right\u00bb custom_padding=\u00bb||34vw|\u00bb global_colors_info=\u00bb{}\u00bb theme_builder_area=\u00bbpost_content\u00bb][\/et_pb_section]<\/p>\n","protected":false},"excerpt":{"rendered":"<p>MATERIAL Y EQUIPO PARA V\u00cdAS FERRATAS Como hemos expuesto anteriormente,\u00a0recorrer una v\u00eda ferrata es peligroso, ya que existe riesgo de ca\u00edda durante la progresi\u00f3n de la misma. Para poder llevar a cabo esta actividad con seguridad es muy importante elegir bien el equipo a utilizar, ya que en cada itinerario necesitaremos un tipo de material [&hellip;]<\/p>\n","protected":false},"author":1,"featured_media":0,"parent":0,"menu_order":0,"comment_status":"closed","ping_status":"closed","template":"","meta":{"_et_pb_use_builder":"on","_et_pb_old_content":"","_et_gb_content_width":""},"_links":{"self":[{"href":"https:\/\/viaferrataleon.com\/index.php\/wp-json\/wp\/v2\/pages\/49"}],"collection":[{"href":"https:\/\/viaferrataleon.com\/index.php\/wp-json\/wp\/v2\/pages"}],"about":[{"href":"https:\/\/viaferrataleon.com\/index.php\/wp-json\/wp\/v2\/types\/page"}],"author":[{"embeddable":true,"href":"https:\/\/viaferrataleon.com\/index.php\/wp-json\/wp\/v2\/users\/1"}],"replies":[{"embeddable":true,"href":"https:\/\/viaferrataleon.com\/index.php\/wp-json\/wp\/v2\/comments?post=49"}],"version-history":[{"count":5,"href":"https:\/\/viaferrataleon.com\/index.php\/wp-json\/wp\/v2\/pages\/49\/revisions"}],"predecessor-version":[{"id":173,"href":"https:\/\/viaferrataleon.com\/index.php\/wp-json\/wp\/v2\/pages\/49\/revisions\/173"}],"wp:attachment":[{"href":"https:\/\/viaferrataleon.com\/index.php\/wp-json\/wp\/v2\/media?parent=49"}],"curies":[{"name":"wp","href":"https:\/\/api.w.org\/{rel}","templated":true}]}}