{"id":11,"date":"2023-02-07T21:04:35","date_gmt":"2023-02-07T21:04:35","guid":{"rendered":"https:\/\/viaferrataleon.com\/?page_id=11"},"modified":"2023-02-23T16:12:45","modified_gmt":"2023-02-23T16:12:45","slug":"11-2","status":"publish","type":"page","link":"https:\/\/viaferrataleon.com\/","title":{"rendered":"V\u00edas Ferratas en Le\u00f3n"},"content":{"rendered":"<p>[et_pb_section fb_built=\u00bb1&#8243; fullwidth=\u00bbon\u00bb admin_label=\u00bbHero Section\u00bb _builder_version=\u00bb4.19.5&#8243; background_color=\u00bb#233b4e\u00bb parallax=\u00bbon\u00bb custom_padding=\u00bb0px|0px|0px|0px\u00bb global_colors_info=\u00bb{}\u00bb][et_pb_fullwidth_header title=\u00bbV\u00cdAS FERRATAS EN LE\u00d3N\u00bb header_fullscreen=\u00bbon\u00bb background_overlay_color=\u00bbrgba(29,38,51,0.86)\u00bb content_max_width=\u00bb362px\u00bb admin_label=\u00bbHero\u00bb _builder_version=\u00bb4.19.5&#8243; title_level=\u00bbh3&#8243; title_font=\u00bbOswald|on||on|\u00bb title_text_align=\u00bbleft\u00bb title_font_size=\u00bb68px\u00bb title_line_height=\u00bb1.6em\u00bb content_font=\u00bbRoboto||||\u00bb content_font_size=\u00bb20px\u00bb content_letter_spacing=\u00bb1px\u00bb background_color=\u00bbrgba(255, 255, 255, 0)\u00bb background_image=\u00bbhttps:\/\/viaferrataleon.com\/wp-content\/uploads\/2023\/02\/Via-Ferrata-Valle-de-Arbas-1.jpg\u00bb parallax=\u00bbon\u00bb parallax_method=\u00bbon\u00bb custom_button_one=\u00bbon\u00bb button_one_border_radius=\u00bb0px\u00bb button_one_letter_spacing=\u00bb4px\u00bb button_one_font=\u00bbOswald|on||on|\u00bb button_one_icon=\u00bb&#x24;||divi||400&#8243; button_one_icon_color=\u00bb#ffffff\u00bb module_alignment=\u00bbleft\u00bb animation_style=\u00bbzoom\u00bb animation_direction=\u00bbbottom\u00bb animation_intensity_zoom=\u00bb4%\u00bb title_text_shadow_style=\u00bbpreset1&#8243; title_text_shadow_horizontal_length=\u00bb0.07em\u00bb content_text_shadow_style=\u00bbpreset1&#8243; button_one_text_color_hover=\u00bb#ffffff\u00bb button_one_border_color_hover=\u00bb#ffffff\u00bb button_one_border_radius_hover=\u00bb0px\u00bb button_one_letter_spacing_hover=\u00bb4px\u00bb button_one_bg_color_hover=\u00bbrgba(0,0,0,0)\u00bb global_colors_info=\u00bb{}\u00bb button_one_text_size__hover_enabled=\u00bboff\u00bb button_two_text_size__hover_enabled=\u00bboff\u00bb button_one_text_color__hover_enabled=\u00bbon\u00bb button_one_text_color__hover=\u00bb#ffffff\u00bb button_two_text_color__hover_enabled=\u00bboff\u00bb button_one_border_width__hover_enabled=\u00bboff\u00bb button_two_border_width__hover_enabled=\u00bboff\u00bb button_one_border_color__hover_enabled=\u00bbon\u00bb button_one_border_color__hover=\u00bb#ffffff\u00bb button_two_border_color__hover_enabled=\u00bboff\u00bb button_one_border_radius__hover_enabled=\u00bbon\u00bb button_one_border_radius__hover=\u00bb0px\u00bb button_two_border_radius__hover_enabled=\u00bboff\u00bb button_one_letter_spacing__hover_enabled=\u00bbon\u00bb button_one_letter_spacing__hover=\u00bb4px\u00bb button_two_letter_spacing__hover_enabled=\u00bboff\u00bb button_one_bg_color__hover_enabled=\u00bbon\u00bb button_one_bg_color__hover=\u00bbrgba(0,0,0,0)\u00bb button_two_bg_color__hover_enabled=\u00bboff\u00bb]<\/p>\n<p>VIVE EMOCIONES DE ALTURA,<\/p>\n<p>VIVE NUESTRAS MONTA\u00d1AS<\/p>\n<p>[\/et_pb_fullwidth_header][\/et_pb_section][et_pb_section fb_built=\u00bb1&#8243; _builder_version=\u00bb4.16&#8243; custom_padding=\u00bb110px||110px|\u00bb global_colors_info=\u00bb{}\u00bb][et_pb_row column_structure=\u00bb1_2,1_2&#8243; _builder_version=\u00bb4.19.5&#8243; global_colors_info=\u00bb{}\u00bb][et_pb_column type=\u00bb1_2&#8243; _builder_version=\u00bb4.16&#8243; custom_padding=\u00bb|||\u00bb global_colors_info=\u00bb{}\u00bb custom_padding__hover=\u00bb|||\u00bb][et_pb_text admin_label=\u00bbDiscover Beatuty Sub Title\u00bb _builder_version=\u00bb4.16&#8243; text_font=\u00bbRoboto||||\u00bb text_text_color=\u00bb#1a1a1a\u00bb text_font_size=\u00bb24px\u00bb text_line_height=\u00bb1.4em\u00bb animation_style=\u00bbslide\u00bb animation_direction=\u00bbtop\u00bb animation_intensity_slide=\u00bb10%\u00bb global_colors_info=\u00bb{}\u00bb]<\/p>\n<p><span style=\"font-size: xx-large;\">\u00bfQU\u00c9 ES UNA V\u00cdA FERRATA?<\/span><\/p>\n<p>[\/et_pb_text][et_pb_divider color=\u00bb#ed4441&#8243; divider_position=\u00bbcenter\u00bb divider_weight=\u00bb3px\u00bb disabled_on=\u00bboff|off|off\u00bb _builder_version=\u00bb4.16&#8243; max_width=\u00bb150px\u00bb height=\u00bbfalse\u00bb animation_style=\u00bbslide\u00bb animation_direction=\u00bbtop\u00bb animation_delay=\u00bb100ms\u00bb animation_intensity_slide=\u00bb10%\u00bb global_colors_info=\u00bb{}\u00bb][\/et_pb_divider][et_pb_text admin_label=\u00bbDiscover Beatuty Text\u00bb _builder_version=\u00bb4.19.5&#8243; text_font=\u00bbRoboto||||\u00bb text_font_size=\u00bb10px\u00bb text_line_height=\u00bb1.9em\u00bb custom_padding=\u00bb30px|||\u00bb animation_style=\u00bbslide\u00bb animation_direction=\u00bbtop\u00bb animation_delay=\u00bb200ms\u00bb animation_intensity_slide=\u00bb10%\u00bb global_colors_info=\u00bb{}\u00bb]<\/p>\n<div class=\"elementor-element elementor-element-9cc1ab3 elementor-widget elementor-widget-text-editor\" data-id=\"9cc1ab3\" data-element_type=\"widget\" data-widget_type=\"text-editor.default\">\n<div class=\"elementor-widget-container\">\n<p style=\"text-align: justify;\"><span style=\"font-size: small;\">Llamamos<strong>\u00a0v\u00edas ferratas<\/strong>\u00a0a las rutas equipadas con diferentes materiales (cables, grapas, clavos, escaleras, puentes, cadenas, etc.) que discurren por monta\u00f1as, barrancos, acantilados o paredes rocosas.<\/span><\/p>\n<p style=\"text-align: justify;\"><span style=\"font-size: small;\">Las\u00a0<strong>v\u00edas ferratas<\/strong>\u00a0tambi\u00e9n cuentan con un cable de acero o \u00abl\u00ednea de vida\u00bb, el cual proporciona una mayor seguridad y autoprotecci\u00f3n en caso de una posible ca\u00edda.<\/span><\/p>\n<p style=\"text-align: justify;\"><span style=\"font-size: small;\">Todo este equipamiento hace que estos itinerarios sean m\u00e1s accesibles a senderistas y monta\u00f1eros con poca experiencia en escalada.<\/span><\/p>\n<p style=\"text-align: justify;\"><span style=\"font-size: small;\">Esta forma de progresar por la monta\u00f1a se ha popularizado m\u00e1s en estos \u00faltimos a\u00f1os, ya que para muchos es una primera toma de contacto con la sensaciones propias de la escalada.\u00a0<\/span><\/p>\n<p style=\"text-align: justify;\">\n<\/div>\n<\/div>\n<div class=\"elementor-element elementor-element-2815006 elementor-widget elementor-widget-heading\" data-id=\"2815006\" data-element_type=\"widget\" data-widget_type=\"heading.default\" style=\"text-align: justify;\">\n<div class=\"elementor-widget-container\">\n<h3 class=\"elementor-heading-title elementor-size-default\"><span style=\"font-size: large;\"><strong>HISTORIA DE LAS V\u00cdAS FERRATAS<\/strong><\/span><\/h3>\n<\/div>\n<\/div>\n<div class=\"elementor-element elementor-element-a617234 elementor-widget elementor-widget-text-editor\" data-id=\"a617234\" data-element_type=\"widget\" data-widget_type=\"text-editor.default\">\n<div class=\"elementor-widget-container\">\n<p style=\"text-align: justify;\"><span style=\"font-size: small;\">La\u00a0<strong>primera v\u00eda ferrata<\/strong>\u00a0como tal data de<strong>\u00a01843 en Austria.\u00a0<\/strong>Su finalidad era hacer la subida al pico\u00a0<strong>Hoher Dachstein\u00a0<\/strong>m\u00e1s accesible.<\/span><\/p>\n<p style=\"text-align: justify;\"><span style=\"font-size: small;\">Sin embargo, fue en la 1\u00ba Guerra Mundial cuando se hicieron m\u00e1s relevantes, ya que los soldados italianos y austriacos instalaron multitud de\u00a0<strong>cuerdas fijas, escaleras y pasamanos<\/strong>\u00a0en las monta\u00f1as de los Dolomitas para facilitar el acceso de sus tropas y poder ganar el control de las cimas.<\/span><\/p>\n<p style=\"text-align: justify;\"><span style=\"font-size: small;\">Despu\u00e9s de la 2\u00ba Guerra Mundial, estos itinerarios fueron reequipados por\u00a0<strong>cables de acero, escaleras met\u00e1licas y clavos<\/strong>\u00a0y se convirtieron en rutas aprovechadas por senderistas y monta\u00f1eros para su ocio personal.<\/span><\/p>\n<\/div>\n<\/div>\n<p>[\/et_pb_text][\/et_pb_column][et_pb_column type=\u00bb1_2&#8243; _builder_version=\u00bb4.16&#8243; custom_padding=\u00bb|||\u00bb global_colors_info=\u00bb{}\u00bb custom_padding__hover=\u00bb|||\u00bb][et_pb_text admin_label=\u00bbDiscover Beatuty Title\u00bb _builder_version=\u00bb4.16&#8243; text_font=\u00bb||||\u00bb text_text_color=\u00bb#1a1a1a\u00bb header_font=\u00bbOswald|on||on|\u00bb header_text_align=\u00bbright\u00bb header_font_size=\u00bb60px\u00bb header_line_height=\u00bb1.3em\u00bb animation_style=\u00bbslide\u00bb animation_direction=\u00bbtop\u00bb animation_intensity_slide=\u00bb10%\u00bb global_colors_info=\u00bb{}\u00bb]<\/p>\n<h1>V\u00edas Ferratas en Le\u00f3n<\/h1>\n<p>[\/et_pb_text][et_pb_image src=\u00bbhttps:\/\/viaferrataleon.com\/wp-content\/uploads\/2023\/02\/vias-ferratas-leon-2-1.jpg\u00bb title_text=\u00bbvias ferratas leon 2&#8243; force_fullwidth=\u00bbon\u00bb align_tablet=\u00bbcenter\u00bb align_phone=\u00bbcenter\u00bb align_last_edited=\u00bbon|desktop\u00bb _builder_version=\u00bb4.19.5&#8243; custom_margin=\u00bb90px|||\u00bb animation_style=\u00bbfold\u00bb animation_direction=\u00bbright\u00bb animation_intensity_fold=\u00bb20%\u00bb animation=\u00bbfade_in\u00bb global_colors_info=\u00bb{}\u00bb][\/et_pb_image][\/et_pb_column][\/et_pb_row][et_pb_row _builder_version=\u00bb4.20.0&#8243; _module_preset=\u00bbdefault\u00bb][et_pb_column _builder_version=\u00bb4.20.0&#8243; _module_preset=\u00bbdefault\u00bb type=\u00bb4_4&#8243;][et_pb_button button_text=\u00bbINFO VIAS FERRATAS\u00bb _builder_version=\u00bb4.20.0&#8243; _module_preset=\u00bbdefault\u00bb button_url=\u00bb@ET-DC@eyJkeW5hbWljIjp0cnVlLCJjb250ZW50IjoicG9zdF9saW5rX3VybF9wYWdlIiwic2V0dGluZ3MiOnsicG9zdF9pZCI6IjM3In19@\u00bb _dynamic_attributes=\u00bbbutton_url\u00bb box_shadow_style=\u00bbpreset1&#8243; box_shadow_color=\u00bb#000000&#8243; custom_button=\u00bbon\u00bb button_text_color=\u00bb#f98b0c\u00bb hover_enabled=\u00bb0&#8243; sticky_enabled=\u00bb0&#8243; button_alignment=\u00bbcenter\u00bb][\/et_pb_button][\/et_pb_column][\/et_pb_row][\/et_pb_section][et_pb_section fb_built=\u00bb1&#8243; _builder_version=\u00bb4.16&#8243; background_color=\u00bb#f4f4f4&#8243; custom_padding=\u00bb7px||14px|||\u00bb global_colors_info=\u00bb{}\u00bb][et_pb_row _builder_version=\u00bb4.19.5&#8243; _module_preset=\u00bbdefault\u00bb global_colors_info=\u00bb{}\u00bb custom_margin=\u00bb-80px|auto||auto||\u00bb][et_pb_column type=\u00bb4_4&#8243; _builder_version=\u00bb4.19.5&#8243; _module_preset=\u00bbdefault\u00bb global_colors_info=\u00bb{}\u00bb][et_pb_text _builder_version=\u00bb4.19.5&#8243; _module_preset=\u00bbdefault\u00bb custom_margin=\u00bb||-61px|||\u00bb custom_padding=\u00bb||0px|||\u00bb global_colors_info=\u00bb{}\u00bb]<\/p>\n<div class=\"elementor-element elementor-element-9df8fc9 elementor-widget elementor-widget-heading\" data-id=\"9df8fc9\" data-element_type=\"widget\" data-widget_type=\"heading.default\">\n<div class=\"elementor-widget-container\">\n<h2 class=\"elementor-heading-title elementor-size-default\">CLASIFICACI\u00d3N Y DIFICULTAD EN UNA V\u00cdA FERRATA<\/h2>\n<p>&nbsp;<\/p>\n<p>&nbsp;<\/p>\n<\/div>\n<\/div>\n<div class=\"elementor-element elementor-element-452fda9 elementor-widget elementor-widget-text-editor\" data-id=\"452fda9\" data-element_type=\"widget\" data-widget_type=\"text-editor.default\">\n<div class=\"elementor-widget-container\">\n<p>Antes de acometer la<span>\u00a0<\/span><strong>progresi\u00f3n de una v\u00eda ferrata<\/strong><span>\u00a0<\/span>es necesario conocer su nivel de dificultad, material necesario, datos de aproximaci\u00f3n, regreso, etc.<\/p>\n<p>Al igual que ocurre en la escalada, el grado de dificultad de cada v\u00eda es orientativo. Esta valoraci\u00f3n resulta un poco subjetiva seg\u00fan el tipo de ruta y la persona que la recorre.<\/p>\n<p>Hoy en d\u00eda existen al menos m\u00e1s de 5 escalas internacionales para clasificar la<span>\u00a0<\/span><strong>dificultad de las v\u00edas ferratas<\/strong>. Las m\u00e1s utilizadas son la<span>\u00a0<\/span><strong>nueva escala de H\u00fcsler y la escala francesa<\/strong>.<\/p>\n<p><span>A continuaci\u00f3n vamos a ver en qu\u00e9 se diferencia cada una de ellas y os dejamos una peque\u00f1a tabla comparativa con las m\u00e1s importantes.<\/span><\/p>\n<p>&nbsp;<\/p>\n<\/div>\n<\/div>\n<p>[\/et_pb_text][\/et_pb_column][\/et_pb_row][et_pb_row _builder_version=\u00bb4.19.5&#8243; _module_preset=\u00bbdefault\u00bb global_colors_info=\u00bb{}\u00bb][et_pb_column type=\u00bb4_4&#8243; _builder_version=\u00bb4.19.5&#8243; _module_preset=\u00bbdefault\u00bb global_colors_info=\u00bb{}\u00bb][et_pb_toggle title=\u00bbN.E. H\u00dcSLER\u00bb _builder_version=\u00bb4.19.5&#8243; _module_preset=\u00bbdefault\u00bb title_level=\u00bbh4&#8243; title_font=\u00bbAbril Fatface|700||on|||||\u00bb title_text_align=\u00bbleft\u00bb global_colors_info=\u00bb{}\u00bb]<\/p>\n<div class=\"elementor-element elementor-element-2e7c9729 elementor-widget elementor-widget-heading\" data-id=\"2e7c9729\" data-element_type=\"widget\" data-widget_type=\"heading.default\">\n<div class=\"elementor-widget-container\">\n<h3 class=\"elementor-heading-title elementor-size-default\">NUEVA ESCALA H\u00dcSLER<\/h3>\n<\/div>\n<\/div>\n<div class=\"elementor-element elementor-element-3d423fcd elementor-widget elementor-widget-text-editor\" data-id=\"3d423fcd\" data-element_type=\"widget\" data-widget_type=\"text-editor.default\">\n<div class=\"elementor-widget-container\">\n<p>Es el sistema m\u00e1s utilizado actualmente y por el que se clasifican todas las<span>\u00a0<\/span><strong>v\u00edas ferratas en Espa\u00f1a<\/strong>.<\/p>\n<p>Cuando se cre\u00f3 en 2007 constaba de 6 grados diferenciados, desde<span>\u00a0<\/span><strong>K1<\/strong><span>\u00a0<\/span>hasta<span>\u00a0<\/span><strong>K6<\/strong>. Hoy en d\u00eda ya existen<span>\u00a0<\/span><strong>v\u00edas ferratas<\/strong><span>\u00a0<\/span>catalogadas como<strong><span>\u00a0<\/span>K7<\/strong><span>\u00a0<\/span>y<span>\u00a0<\/span><strong>K7+<\/strong>, varias de ellas situadas en Espa\u00f1a.<\/p>\n<p>Podr\u00edamos agrupar estos grados de dificultad en<span>\u00a0<\/span><strong>iniciaci\u00f3n (K1<\/strong><span>\u00a0<\/span>y<strong><span>\u00a0<\/span>K2), intermedio (K3<span>\u00a0<\/span><\/strong>y<span>\u00a0<\/span><strong>K4) y avanzado (K5, K6<\/strong><span>\u00a0<\/span>y<strong><span>\u00a0<\/span>K7)<\/strong>.<\/p>\n<ul>\n<li><strong>K1<\/strong>: Ruta muy<span>\u00a0<\/span><strong>f\u00e1cil y bien equipada<\/strong><span>\u00a0<\/span>en todo el recorrido, generalmente de trazado horizontal, apta para adultos y ni\u00f1os que se quieran iniciar en el mundo de las ferratas.<\/li>\n<li><strong>K2<\/strong>: Itinerarios f\u00e1ciles y bien equipados con buenos agarres para la progresi\u00f3n en terrenos verticales. Es un tipo de v\u00eda de<span>\u00a0<\/span><strong>iniciaci\u00f3n avanzada<\/strong><span>\u00a0<\/span>con un poco m\u00e1s de exigencia f\u00edsica.<\/li>\n<li><strong>K3<\/strong>: Son v\u00edas de<span>\u00a0<\/span><strong>dificultad moderada<\/strong>, con tramos verticales m\u00e1s expuestos pero bien equipadas en todo su trayecto. Son rutas de dificultad media para gente con algo de<span>\u00a0<\/span><strong>experiencia en ferratas<\/strong>.<\/li>\n<li><strong>K4<\/strong>: Se caracterizan por ser<span>\u00a0<\/span><strong>v\u00edas dif\u00edles, verticales y expuestas<\/strong><span>\u00a0<\/span>en parte de su recorrido. En algunos tramos puede haber \u00fanicamente l\u00ednea de vida y hay que usar la roca para progresar. Estas rutas son para gente experimentada y con buena forma f\u00edsica.<\/li>\n<li><strong>K5<\/strong>:<span>\u00a0<\/span><strong>V\u00edas muy dif\u00edciles<\/strong><span>\u00a0<\/span>en gran parte de su trayecto. El itinerario suele ser vertical, muy expuesto y con material escaso para progresar. Es<span>\u00a0<\/span><strong>recomendable llevar siempre una cuerda<\/strong><span>\u00a0<\/span>por si hay que descender. Es un tipo de rutas reservada a los m\u00e1s experimentados y con conocimientos de t\u00e9cnicas de escalada.<\/li>\n<li><strong>K6 y K7<\/strong>: Son<span>\u00a0<\/span><strong>v\u00edas ferratas extremadamente dif\u00edciles<\/strong>. Todo el recorrido es muy expuesto, vertical y con desplomes, suelen tener \u00fanicamente una l\u00ednea de vida y apoyos muy peque\u00f1os. Hay que<span>\u00a0<\/span><strong>llevar siempre cuerda<\/strong>, tener una gran capacidad f\u00edsica y amplios conocimientos de escalada.<\/li>\n<\/ul>\n<\/div>\n<\/div>\n<p>[\/et_pb_toggle][et_pb_toggle title=\u00bbFRANCESA\u00bb _builder_version=\u00bb4.19.5&#8243; _module_preset=\u00bbdefault\u00bb title_level=\u00bbh4&#8243; title_font=\u00bbAbril Fatface|700||on|||||\u00bb title_text_align=\u00bbleft\u00bb global_colors_info=\u00bb{}\u00bb]<\/p>\n<p>Esta escala de dificultad est\u00e1 inspirada en el modo de graduaci\u00f3n de las<span>\u00a0<\/span><strong>v\u00edas alpinas cl\u00e1sicas<\/strong>.<\/p>\n<p>Consta de<span>\u00a0<\/span><strong>6 grados de dificultad<\/strong>, desde\u00a0 F a ED. La gran diferencia con la escala H\u00fcsler es que tambi\u00e9n puede haber niveles intermedios como ocurre en la escala francesa de escalada.<\/p>\n<ul>\n<li><strong>F<\/strong>: Ruta f\u00e1cil.<\/li>\n<li><strong>PD<\/strong>: Itinerarios poco dif\u00edciles.<\/li>\n<li><strong>AD<\/strong>: V\u00edas algo dif\u00edciles.<\/li>\n<li><strong>D<\/strong>: Rutas dif\u00edciles.<\/li>\n<li><strong>TD<\/strong>: Recorridos muy dif\u00edciles.<\/li>\n<li><strong>ED<\/strong>: V\u00edas ferratas extremadamente dif\u00edciles<\/li>\n<\/ul>\n<p>[\/et_pb_toggle][et_pb_toggle title=\u00bbH\u00dcSLER\u00bb _builder_version=\u00bb4.19.5&#8243; _module_preset=\u00bbdefault\u00bb title_level=\u00bbh4&#8243; title_font=\u00bbAbril Fatface|700||on|||||\u00bb title_text_align=\u00bbleft\u00bb global_colors_info=\u00bb{}\u00bb]<\/p>\n<p><strong><a href=\"https:\/\/de.wikipedia.org\/wiki\/Eugen_Eduard_H%C3%BCsler\" target=\"_blank\" rel=\"noopener\">Eugen Eduard H\u00fcsler (de)<\/a><\/strong>, fue el creador de la<span>\u00a0<\/span><strong>escala H\u00fcsler<\/strong><span>\u00a0<\/span>original, la cual clasifica las<span>\u00a0<\/span><strong>v\u00edas ferratas<\/strong><span>\u00a0<\/span>en 5 niveles de dificultad, desde la A hasta la E.<\/p>\n<ul>\n<li><strong>A<\/strong>: Ruta f\u00e1cil y bien equipada en todo el recorrido.<\/li>\n<li><strong>B<\/strong>: Itinerarios poco dif\u00edciles y correctamente equipados.<\/li>\n<li><strong>C<\/strong>: V\u00edas algo dif\u00edciles.<\/li>\n<li><strong>D<\/strong>: Rutas dif\u00edciles en gran parte de su recorrido.<\/li>\n<li><strong>E<\/strong>: V\u00edas ferratas extremadamente dif\u00edciles.<\/li>\n<\/ul>\n<p>[\/et_pb_toggle][et_pb_toggle title=\u00bbDESNIVEL\u00bb _builder_version=\u00bb4.19.5&#8243; _module_preset=\u00bbdefault\u00bb title_level=\u00bbh4&#8243; title_font=\u00bbAbril Fatface|700||on|||||\u00bb title_text_align=\u00bbleft\u00bb global_colors_info=\u00bb{}\u00bb]<\/p>\n<p>Las primeras gu\u00edas de<span>\u00a0<\/span><strong>Desnivel<\/strong><span>\u00a0<\/span>que trataban sobre<span>\u00a0<\/span><strong>v\u00edas ferratas y caminos equipados en Espa\u00f1a<\/strong>, crearon un sistema de graduaci\u00f3n muy simplificado y basado en<span>\u00a0<\/span><strong>4 colores<\/strong>.<\/p>\n<p>Al igual que sucede con otras escalas, la evaluaci\u00f3n de cada v\u00eda y su consecuente clasificaci\u00f3n se produce por diferentes criterios como la parte f\u00edsica, psicol\u00f3gica, equipamiento, terreno, etc.<\/p>\n<p>Esta escala es de gran utilidad, sin embargo cuenta con el inconveniente de estar algo alejada de la<span>\u00a0<\/span><strong>nueva escala H\u00fcsler<\/strong><span>\u00a0<\/span>y la<span>\u00a0<\/span><strong>francesa<\/strong><span>\u00a0<\/span>que son las m\u00e1s utilizadas a nivel internacional.<\/p>\n<ul>\n<li><strong>VERDE<\/strong>: Baja dificultad<\/li>\n<li><strong>NARANJA<\/strong>: Dificultad media<\/li>\n<li><strong>ROJO<\/strong>: Alta dificultad<\/li>\n<li><strong>NEGRO<\/strong>: Dificultad muy alta<\/li>\n<\/ul>\n<p>[\/et_pb_toggle][et_pb_image src=\u00bbhttps:\/\/viaferrataleon.com\/wp-content\/uploads\/2023\/02\/grados-dificultad-via-ferrata-1.jpg\u00bb title_text=\u00bbgrados-dificultad-via-ferrata-1&#8243; align=\u00bbcenter\u00bb _builder_version=\u00bb4.19.5&#8243; _module_preset=\u00bbdefault\u00bb global_colors_info=\u00bb{}\u00bb][\/et_pb_image][\/et_pb_column][\/et_pb_row][et_pb_row column_structure=\u00bb1_4,1_4,1_4,1_4&#8243; use_custom_gutter=\u00bbon\u00bb gutter_width=\u00bb1&#8243; make_equal=\u00bbon\u00bb admin_label=\u00bbGallery\u00bb module_class=\u00bb et_pb_row_fullwidth\u00bb _builder_version=\u00bb4.16&#8243; width=\u00bb100%\u00bb width_tablet=\u00bb100%\u00bb width_phone=\u00bb100%\u00bb width_last_edited=\u00bbon|desktop\u00bb max_width=\u00bb100%\u00bb max_width_tablet=\u00bb100%\u00bb max_width_phone=\u00bb100%\u00bb max_width_last_edited=\u00bbon|desktop\u00bb custom_padding=\u00bb|||\u00bb make_fullwidth=\u00bbon\u00bb global_colors_info=\u00bb{}\u00bb custom_margin=\u00bb-32px|auto||auto||\u00bb][et_pb_column type=\u00bb1_4&#8243; _builder_version=\u00bb4.16&#8243; custom_padding=\u00bb|||\u00bb global_colors_info=\u00bb{}\u00bb custom_padding__hover=\u00bb|||\u00bb][et_pb_image src=\u00bbhttps:\/\/viaferrataleon.com\/wp-content\/uploads\/2023\/02\/WhatsApp-Image-2022-09-07-at-10.23.21-PM-e1676540433640.jpeg\u00bb title_text=\u00bbVia Ferrata Valle de Arbas 3&#8243; show_in_lightbox=\u00bbon\u00bb force_fullwidth=\u00bbon\u00bb align_tablet=\u00bbcenter\u00bb align_phone=\u00bbcenter\u00bb align_last_edited=\u00bbon|desktop\u00bb _builder_version=\u00bb4.19.5&#8243; animation_style=\u00bbzoom\u00bb animation_intensity_zoom=\u00bb10%\u00bb global_colors_info=\u00bb{}\u00bb][\/et_pb_image][\/et_pb_column][et_pb_column type=\u00bb1_4&#8243; _builder_version=\u00bb4.16&#8243; custom_padding=\u00bb|||\u00bb global_colors_info=\u00bb{}\u00bb custom_padding__hover=\u00bb|||\u00bb][et_pb_image src=\u00bbhttps:\/\/viaferrataleon.com\/wp-content\/uploads\/2023\/02\/IMG_7097-scaled-e1676542856530.jpg\u00bb alt=\u00bbV\u00eda Ferrata Valle de Arbas\u00bb title_text=\u00bbpuente ferrata sabero 2&#8243; show_in_lightbox=\u00bbon\u00bb force_fullwidth=\u00bbon\u00bb align_tablet=\u00bbcenter\u00bb align_phone=\u00bbcenter\u00bb align_last_edited=\u00bbon|desktop\u00bb _builder_version=\u00bb4.19.5&#8243; animation_style=\u00bbzoom\u00bb animation_delay=\u00bb100ms\u00bb animation_intensity_zoom=\u00bb10%\u00bb locked=\u00bboff\u00bb global_colors_info=\u00bb{}\u00bb custom_padding=\u00bb0px|||||\u00bb][\/et_pb_image][\/et_pb_column][et_pb_column type=\u00bb1_4&#8243; _builder_version=\u00bb4.16&#8243; custom_padding=\u00bb|||\u00bb global_colors_info=\u00bb{}\u00bb custom_padding__hover=\u00bb|||\u00bb][et_pb_image src=\u00bbhttps:\/\/viaferrataleon.com\/wp-content\/uploads\/2023\/02\/WhatsApp-Image-2022-09-07-at-10.23.21-PM-6-e1676540372721.jpeg\u00bb title_text=\u00bbVia ferrata valle de arbas 6&#8243; show_in_lightbox=\u00bbon\u00bb force_fullwidth=\u00bbon\u00bb align_tablet=\u00bbcenter\u00bb align_phone=\u00bbcenter\u00bb align_last_edited=\u00bbon|desktop\u00bb _builder_version=\u00bb4.19.5&#8243; animation_style=\u00bbzoom\u00bb animation_delay=\u00bb200ms\u00bb animation_intensity_zoom=\u00bb10%\u00bb locked=\u00bboff\u00bb global_colors_info=\u00bb{}\u00bb][\/et_pb_image][\/et_pb_column][et_pb_column type=\u00bb1_4&#8243; _builder_version=\u00bb4.16&#8243; custom_padding=\u00bb|||\u00bb global_colors_info=\u00bb{}\u00bb custom_padding__hover=\u00bb|||\u00bb][et_pb_image src=\u00bbhttps:\/\/viaferrataleon.com\/wp-content\/uploads\/2023\/02\/IMG_6407-scaled-e1676542944672.jpg\u00bb alt=\u00bbV\u00eda Ferrata Valle de Arbas\u00bb title_text=\u00bbferrta valdeon 6&#8243; show_in_lightbox=\u00bbon\u00bb force_fullwidth=\u00bbon\u00bb align_tablet=\u00bbcenter\u00bb align_phone=\u00bbcenter\u00bb align_last_edited=\u00bbon|desktop\u00bb _builder_version=\u00bb4.19.5&#8243; animation_style=\u00bbzoom\u00bb animation_delay=\u00bb300ms\u00bb animation_intensity_zoom=\u00bb10%\u00bb locked=\u00bboff\u00bb global_colors_info=\u00bb{}\u00bb custom_margin=\u00bb2px|||||\u00bb][\/et_pb_image][\/et_pb_column][\/et_pb_row][\/et_pb_section]<\/p>\n","protected":false},"excerpt":{"rendered":"<p>VIVE EMOCIONES DE ALTURA, VIVE NUESTRAS MONTA\u00d1AS\u00bfQU\u00c9 ES UNA V\u00cdA FERRATA? Llamamos\u00a0v\u00edas ferratas\u00a0a las rutas equipadas con diferentes materiales (cables, grapas, clavos, escaleras, puentes, cadenas, etc.) que discurren por monta\u00f1as, barrancos, acantilados o paredes rocosas. Las\u00a0v\u00edas ferratas\u00a0tambi\u00e9n cuentan con un cable de acero o \u00abl\u00ednea de vida\u00bb, el cual proporciona una mayor seguridad y autoprotecci\u00f3n [&hellip;]<\/p>\n","protected":false},"author":1,"featured_media":0,"parent":0,"menu_order":0,"comment_status":"closed","ping_status":"closed","template":"","meta":{"_et_pb_use_builder":"on","_et_pb_old_content":"","_et_gb_content_width":""},"_links":{"self":[{"href":"https:\/\/viaferrataleon.com\/index.php\/wp-json\/wp\/v2\/pages\/11"}],"collection":[{"href":"https:\/\/viaferrataleon.com\/index.php\/wp-json\/wp\/v2\/pages"}],"about":[{"href":"https:\/\/viaferrataleon.com\/index.php\/wp-json\/wp\/v2\/types\/page"}],"author":[{"embeddable":true,"href":"https:\/\/viaferrataleon.com\/index.php\/wp-json\/wp\/v2\/users\/1"}],"replies":[{"embeddable":true,"href":"https:\/\/viaferrataleon.com\/index.php\/wp-json\/wp\/v2\/comments?post=11"}],"version-history":[{"count":22,"href":"https:\/\/viaferrataleon.com\/index.php\/wp-json\/wp\/v2\/pages\/11\/revisions"}],"predecessor-version":[{"id":216,"href":"https:\/\/viaferrataleon.com\/index.php\/wp-json\/wp\/v2\/pages\/11\/revisions\/216"}],"wp:attachment":[{"href":"https:\/\/viaferrataleon.com\/index.php\/wp-json\/wp\/v2\/media?parent=11"}],"curies":[{"name":"wp","href":"https:\/\/api.w.org\/{rel}","templated":true}]}}